{"id":374,"date":"2025-12-14T10:08:04","date_gmt":"2025-12-14T10:08:04","guid":{"rendered":"https:\/\/mairafournari.com\/cursos\/"},"modified":"2026-03-05T18:47:06","modified_gmt":"2026-03-05T18:47:06","slug":"cursos","status":"publish","type":"page","link":"https:\/\/mairafournari.com\/el\/servicios\/cursos\/","title":{"rendered":"Preparaci\u00f3n de ex\u00e1menes"},"content":{"rendered":"<section class=\"header_15_2\" id=\"\" style=\"background-image:url('');\"\r\n    aria-label=\"Experiencias ling\u00fc\u00edsticas \u00fanicas y din\u00e1micas\" data-block-id=\"69e10e8c423de69e10e8c423df\" data-block-name=\"acf\/header-15-2\" data-post-id=\"374\" data-stable-id=\"block_62db0d1d361bd0f39044b91b79cf4af0\">\r\n    <div class=\"mask\"><\/div>\r\n    <div class=\"container\" data-aos=\"fade-up\">\r\n        <div class=\"row\">\r\n            <div class=\"col header_15_2-center\">\r\n                                <h1 class=\"tamano2 color-2-headings-light\">Preparaci\u00f3n de ex\u00e1menes<\/h1>\r\n                                            <\/div>\r\n        <\/div>\r\n    <\/div>\r\n<\/section>\r\n<style>\r\n    .header_15_2 .col {\r\n        max-width: 895px;\r\n    }\r\n\r\n    .header_15_2 .mask {\r\n        background: rgba(18, 18, 18, 0.50);\r\n        \/* background: rgba(255, 255, 255, 0.50); *\/\r\n        position: absolute;\r\n        top: 0;\r\n        left: 0;\r\n        width: 100%;\r\n        height: 100%;\r\n    }\r\n\r\n    .header_15_2 h1 {\r\n        padding-bottom: 25px;\r\n    }\r\n\r\n    .header_15_2 {\r\n        position: relative;\r\n        min-height: 500px;\r\n        background-position: center;\r\n        background-repeat: no-repeat;\r\n        background-size: cover;\r\n        padding: 150px 0;\r\n        display: flex;\r\n        align-items: center;\r\n        padding-top: 195px\r\n    }\r\n\r\n    .header_15_2-center {\r\n        text-align: center;\r\n        margin: 0 auto;\r\n    }\r\n\r\n    @media (max-width:992px) {\r\n        .header_15_2 {\r\n            padding: 100px 0;\r\n            min-height: auto;\r\n        }\r\n    }\r\n\r\n    @media (max-width:768px) {\r\n        .header_15_2 h1 {\r\n            line-height: var(--tamano3-line-height);\r\n        }\r\n\r\n        .header_15_2 {\r\n            padding: 180px 0 100px;\r\n        }\r\n    }\r\n<\/style>\r\n\n\n<section class=\"about_us_curvy1_9_1_2 background-1-light\" original-block-id=\"block_142d6ca0ac5731f4ab394f1e69930dd1\" data-block-id=\"69e10e8c45a2569e10e8c45a26\" data-block-name=\"acf\/about-us-curvy1-9-1-2\" data-post-id=\"374\" data-stable-id=\"block_142d6ca0ac5731f4ab394f1e69930dd1\">\r\n    <div class=\"container\">\r\n        <div class=\"row\">\r\n            <div class=\"col col-imagen\">\r\n                                <div class=\"imagen\">\r\n                    <img decoding=\"async\" src=\"https:\/\/mairafournari.com\/wp-content\/uploads\/2026\/02\/20230919_650968e5df1a5.jpeg\" alt=\"\" title=\"20230919_650968e5df1a5\">\r\n                <\/div>\r\n                            <\/div>\r\n            <div class=\"col col-texto\">\r\n                <div class=\"right\">\r\n                                                                                <div class=\"texto color-1-body-dark tamano7\" data-desactivar-leer-mas=\"1\">\r\n                        <span class=\"texto-corto\"><\/span>\r\n                        <span class=\"texto-completo\" style=\"display: none;\"><p>Con una amplia experiencia, Maira ofrece tambi\u00e9n cursos, presenciales y en l\u00ednea, de preparaci\u00f3n para los ex\u00e1menes oficiales de griego moderno, del Centro de Lengua Griega (KEG\/Ellinomatheia &#8211; niveles de A1 a C2) con validez tanto dentro de Grecia como en toda Europa. La estructura de estos ex\u00e1menes oficiales incluye comprensi\u00f3n lectora, comprensi\u00f3n auditiva, producci\u00f3n escrita y una parte oral.<br \/>\nLos cursos de la preparaci\u00f3n de estos ex\u00e1menes se basan en una estrategia integral que combina el estudio profundo de la gram\u00e1tica, el uso de material aut\u00e9ntico, la pr\u00e1ctica activa de la conversaci\u00f3n, la utilizaci\u00f3n de ex\u00e1menes anteriores y de recursos interactivos&#8230; y mucho m\u00e1s. Y al mismo tiempo estos cursos son tan divertidos que se pierde totalmente el miedo al examen!<\/p><\/span>\r\n                    <\/div>\r\n                    <div class=\"vermas tamano7 boton-4-texto-normal\">\r\n                        <span class=\"mas tamano7 boton-4-texto-normal\">Leer m\u00e1s<\/span>\r\n                        <span class=\"menos hide tamano7 boton-4-texto-normal\">Leer menos<\/span>\r\n                        <svg width=\"13\" height=\"8\" viewBox=\"0 0 13 8\" fill=\"none\"\r\n                            xmlns=\"http:\/\/www.w3.org\/2000\/svg\">\r\n                            <path id=\"Vector 14\" d=\"M1 1L6.5 6.5L12 1\" stroke=\"#2B275C\" stroke-width=\"1.5\" \/>\r\n                        <\/svg>\r\n                    <\/div>\r\n                                        \r\n                                    <\/div>\r\n            <\/div>\r\n        <\/div>\r\n    <\/div>\r\n<\/section>\r\n<style>\r\n    .about_us_curvy1_9_1_2 .row {\r\n        display: flex;\r\n        gap: 6%;\r\n        justify-content: flex-start;\r\n        align-items: center;\r\n\r\n    }\r\n\r\n    .about_us_curvy1_9_1_2[original-block-id=\"block_142d6ca0ac5731f4ab394f1e69930dd1\"] .row {\r\n            }\r\n\r\n    .about_us_curvy1_9_1_2 .vermas svg path {\r\n        stroke: var(--boton-4-texto-normal);\r\n    }\r\n\r\n    .about_us_curvy1_9_1_2 .vermas span {\r\n        font-weight: var(--tamano5-font-weight);\r\n    }\r\n\r\n    .about_us_curvy1_9_1_2 .vermas .hide {\r\n        display: none;\r\n    }\r\n\r\n    .about_us_curvy1_9_1_2 .vermas.show svg {\r\n        transform: rotate(180deg);\r\n    }\r\n\r\n    .about_us_curvy1_9_1_2 .vermas.show {\r\n        padding-top: 20px;\r\n        margin-top: 15px;\r\n    }\r\n\r\n    .about_us_curvy1_9_1_2 .vermas {\r\n        display: flex;\r\n        align-items: center;\r\n        gap: 10px;\r\n        cursor: pointer;\r\n        margin: 20px 0 35px;\r\n    }\r\n\r\n    .about_us_curvy1_9_1_2 .right .btn-round {\r\n        margin-top: 30px;\r\n    }\r\n\r\n    .about_us_curvy1_9_1_2 .right .iconos .icono-item .texto {\r\n        padding-left: 30px;\r\n    }\r\n\r\n    .about_us_curvy1_9_1_2 .right .iconos .icono-item .top {\r\n        display: flex;\r\n        gap: 10px;\r\n        align-items: center;\r\n    }\r\n\r\n    .about_us_curvy1_9_1_2 .right .iconos .icono-item svg {\r\n        max-width: 20px;\r\n        fill: var(--color-1-body-dark);\r\n    }\r\n\r\n    .about_us_curvy1_9_1_2 .right .iconos {\r\n        margin-top: 30px;\r\n        padding-top: 30px;\r\n        border-top: 1px solid var(--background-2-light);\r\n        display: flex;\r\n        flex-direction: column;\r\n        gap: 25px;\r\n    }\r\n\r\n    .about_us_curvy1_9_1_2 .right .textogrande {\r\n        padding-bottom: 17px;\r\n    }\r\n\r\n    .about_us_curvy1_9_1_2 .right h2 {\r\n        padding-bottom: 23px;\r\n    }\r\n\r\n    .about_us_curvy1_9_1_2 .col-imagen .video {\r\n        width: 100%;\r\n        max-width: 741px;\r\n    }\r\n\r\n    .about_us_curvy1_9_1_2 .col-imagen iframe {\r\n        width: 100%;\r\n        height: 100%;\r\n        min-height: 560px;\r\n        border-radius: 30px;\r\n    }\r\n\r\n    .about_us_curvy1_9_1_2 .col-imagen img {\r\n        border-radius: 30px;\r\n        width: 100%;\r\n        max-width: 741px;\r\n        height: auto;\r\n        object-fit: cover;\r\n    }\r\n\r\n     .about_us_curvy1_9_1_2 .col-imagen {\r\n        width: 50%;\r\n    }\r\n\r\n    .about_us_curvy1_9_1_2 .col-imagen .imagen {\r\n        display: flex;\r\n        justify-content: flex-start;\r\n    }\r\n\r\n    .about_us_curvy1_9_1_2 .col-texto {\r\n        width: 45%;\r\n        display: flex;\r\n        justify-content: flex-end;\r\n    }\r\n\r\n    .about_us_curvy1_9_1_2 .btn-round {\r\n        border-radius: 60px;\r\n        padding: 12px 25px;\r\n        display: inline-block;\r\n        min-width: 175px;\r\n        text-align: center;\r\n        text-decoration: none;\r\n    }\r\n\r\n    .about_us_curvy1_9_1_2 .right {\r\n        max-width: 600px;\r\n\r\n    }\r\n\r\n    .about_us_curvy1_9_1_2 .right .texto *:last-child {\r\n        padding-bottom: 0;\r\n    }\r\n\r\n    \/* .about_us_curvy1_9_1_2 .right .texto.show p:not(:first-child) {\r\n        display: block;\r\n    }\r\n\r\n    .about_us_curvy1_9_1_2 .right .texto p:not(:first-child) {\r\n        display: none;\r\n    } *\/\r\n\r\n    .about_us_curvy1_9_1_2 .right .texto * {\r\n        padding-bottom: 20px;\r\n        font-size: inherit;\r\n        font-weight: inherit;\r\n        line-height: inherit;\r\n        letter-spacing: inherit;\r\n        font-family: inherit;\r\n    }\r\n\r\n    .about_us_curvy1_9_1_2 .texto ul,\r\n    .about_us_curvy1_9_1_2 .texto ol {\r\n        padding-left: 20px;\r\n    }\r\n\r\n    .about_us_curvy1_9_1_2 {\r\n        padding: 81px 0;\r\n        padding-left: 150px;\r\n        padding-right: 150px;\r\n        margin-top: -1px;\r\n    }\r\n\r\n    @media (max-width:1550px) {\r\n        .about_us_curvy1_9_1_2 {\r\n            padding-left: 0;\r\n            padding-right: 0;\r\n        }\r\n\r\n        .about_us_curvy1_9_1_2 .col-texto {\r\n            width: 41.66%;\r\n            justify-content: center;\r\n        }\r\n\r\n        .about_us_curvy1_9_1_2 .row {\r\n            gap: 50px;\r\n        }\r\n    }\r\n\r\n    @media (max-width:1300px) {\r\n        .about_us_curvy1_9_1_2 .col-texto {\r\n            width: 50%;\r\n        }\r\n    }\r\n\r\n    @media (max-width:1200px) {\r\n        .about_us_curvy1_9_1_2 .row {\r\n            flex-direction: column;\r\n            align-items: center;\r\n            gap: 30px;\r\n        }\r\n\r\n        .about_us_curvy1_9_1_2 .col-texto {\r\n            width: 100%;\r\n        }\r\n    }\r\n\r\n    @media (max-width:992px) {\r\n        .about_us_curvy1_9_1_2 .col-imagen {\r\n            width: 100%;\r\n        }\r\n\r\n        .about_us_curvy1_9_1_2 .col-imagen .video {\r\n            max-width: 100%;\r\n        }\r\n\r\n        .about_us_curvy1_9_1_2 .col-imagen iframe {\r\n            min-height: 475px;\r\n        }\r\n\r\n        .about_us_curvy1_9_1_2 .col-imagen .imagen {\r\n            justify-content: start;\r\n        }\r\n\r\n        .about_us_curvy1_9_1_2 {\r\n            padding: 40px 0;\r\n        }\r\n\r\n        .about_us_curvy1_9_1_2 .col-texto {\r\n            justify-content: flex-start;\r\n        }\r\n\r\n        .about_us_curvy1_9_1_2 .row {\r\n            align-items: self-start;\r\n        }\r\n    }\r\n\r\n    @media (max-width:768px) {\r\n        .about_us_curvy1_9_1_2 h2 {\r\n            line-height: var(--tamano5-line-height);\r\n        }\r\n\r\n        .about_us_curvy1_9_1_2[original-block-id=\"block_142d6ca0ac5731f4ab394f1e69930dd1\"] .row {\r\n                    }\r\n\r\n        .about_us_curvy1_9_1_2 .right .iconos {\r\n            gap: 20px;\r\n            padding-top: 25px;\r\n            margin-top: 25px;\r\n        }\r\n\r\n        .about_us_curvy1_9_1_2 .col-imagen iframe {\r\n            min-height: 310px;\r\n        }\r\n    }\r\n<\/style>\r\n<script>\r\n    jQuery(document).ready(function($) {\r\n        const $instance = $('.about_us_curvy1_9_1_2[original-block-id=\"block_142d6ca0ac5731f4ab394f1e69930dd1\"]');\r\n\r\n        if (!$instance.length) return;\r\n\r\n        const CONFIG_AU912 = {\r\n            limites: {\r\n                mobile: 200,\r\n                desktop: 400\r\n            },\r\n            breakpoint: 992\r\n        };\r\n\r\n        function truncarTextoEnUltimaPalabraAU912(texto, limite) {\r\n            if (texto.length <= limite) return texto;\r\n            const cortado = texto.substring(0, limite);\r\n            const ultimoEspacio = cortado.lastIndexOf(' ');\r\n            return (ultimoEspacio > limite * 0.8 ? cortado.substring(0, ultimoEspacio) : cortado) + '...';\r\n        }\r\n\r\n        function truncarHTMLAU912(html, limite) {\r\n            const $temp = $('<div>').html(html);\r\n            let chars = 0,\r\n                resultado = '';\r\n\r\n            function procesarNodoAU912(nodo) {\r\n                if (chars >= limite) return false;\r\n\r\n                if (nodo.nodeType === 3) {\r\n                    const texto = nodo.textContent || '';\r\n                    if (chars + texto.length <= limite) {\r\n                        resultado += texto;\r\n                        chars += texto.length;\r\n                    } else {\r\n                        resultado += truncarTextoEnUltimaPalabraAU912(texto, limite - chars);\r\n                        chars = limite;\r\n                        return false;\r\n                    }\r\n                } else if (nodo.nodeType === 1) {\r\n                    const $elem = $(nodo);\r\n                    const tag = nodo.tagName.toLowerCase();\r\n                    const textoElem = $elem.text();\r\n\r\n                    if (chars + textoElem.length <= limite) {\r\n                        resultado += $('<div>').append($elem.clone()).html();\r\n                        chars += textoElem.length;\r\n                    } else {\r\n                        const attrs = Array.from(nodo.attributes).map(a =>\r\n                            a.name + '=\"' + (a.value || '').replace(\/\"\/g, '&quot;') + '\"'\r\n                        ).join(' ');\r\n                        resultado += '<' + tag + (attrs ? ' ' + attrs : '') + '>';\r\n\r\n                        $elem.contents().each(function() {\r\n                            return procesarNodoAU912(this);\r\n                        });\r\n\r\n                        resultado += '<\/' + tag + '>';\r\n                        return false;\r\n                    }\r\n                }\r\n                return true;\r\n            }\r\n\r\n            $temp.contents().each(function() {\r\n                return procesarNodoAU912(this);\r\n            });\r\n\r\n            return resultado || truncarTextoEnUltimaPalabraAU912($temp.text(), limite);\r\n        }\r\n\r\n        function aplicarTruncadoAU912() {\r\n            $instance.find('.texto-completo').each(function() {\r\n                const $completo = $(this);\r\n                if ($completo.is(':visible')) return;\r\n\r\n                const $texto = $completo.closest('.texto');\r\n                const $corto = $completo.siblings('.texto-corto');\r\n                const $vermas = $texto.siblings('.vermas');\r\n\r\n                if (!$corto.length) return;\r\n\r\n                const html = $completo.html() || '';\r\n                const textoPlano = $completo.text() || '';\r\n                const esMobile = $(window).width() <= CONFIG_AU912.breakpoint;\r\n                const limite = esMobile ? CONFIG_AU912.limites.mobile : CONFIG_AU912.limites.desktop;\r\n                const desactivado = $texto.attr('data-desactivar-leer-mas') === '1';\r\n\r\n                if (desactivado) {\r\n                    if (!esMobile) {\r\n                        $corto.html(html).show();\r\n                        $vermas.hide();\r\n                        return;\r\n                    }\r\n                }\r\n\r\n                if (textoPlano.length > limite) {\r\n                    $corto.html(truncarHTMLAU912(html, limite)).show();\r\n                    $vermas.css('display', 'flex');\r\n                } else {\r\n                    $corto.html(html).show();\r\n                    $vermas.hide();\r\n                }\r\n            });\r\n        }\r\n\r\n        aplicarTruncadoAU912();\r\n        $(window).on('resize', aplicarTruncadoAU912);\r\n\r\n        $instance.on('click', '.vermas', function() {\r\n            const $btn = $(this);\r\n            const $texto = $btn.siblings('.texto');\r\n            const $corto = $texto.find('.texto-corto');\r\n            const $completo = $texto.find('.texto-completo');\r\n\r\n            if ($corto.is(':visible')) {\r\n                $corto.hide();\r\n                $completo.show();\r\n                $btn.addClass('show');\r\n            } else {\r\n                $completo.hide();\r\n                aplicarTruncadoAU912();\r\n                $btn.removeClass('show');\r\n            }\r\n\r\n            $btn.find('span').toggleClass('hide');\r\n        });\r\n    });\r\n<\/script>\r\n","protected":false},"excerpt":{"rendered":"","protected":false},"author":2,"featured_media":1082,"parent":375,"menu_order":0,"comment_status":"open","ping_status":"closed","template":"","meta":{"_acf_changed":false,"footnotes":""},"class_list":["post-374","page","type-page","status-publish","has-post-thumbnail","hentry"],"acf":[],"yoast_head":"<!-- This site is optimized with the Yoast SEO plugin v27.4 - https:\/\/yoast.com\/product\/yoast-seo-wordpress\/ -->\n<title>Aprende Griego Moderno con Maira Fournari<\/title>\n<meta name=\"description\" content=\"Descubre clases divertidas de griego moderno. Sum\u00e9rgete en la cultura griega y lleva tu conocimiento al siguiente nivel.\" \/>\n<meta name=\"robots\" content=\"index, follow, max-snippet:-1, max-image-preview:large, max-video-preview:-1\" \/>\n<link rel=\"canonical\" href=\"https:\/\/mairafournari.com\/el\/servicios\/cursos\/\" \/>\n<meta property=\"og:locale\" content=\"el_GR\" \/>\n<meta property=\"og:type\" content=\"article\" \/>\n<meta property=\"og:title\" content=\"Aprende Griego Moderno con Maira Fournari\" \/>\n<meta property=\"og:description\" content=\"Descubre clases divertidas de griego moderno. Sum\u00e9rgete en la cultura griega y lleva tu conocimiento al siguiente nivel.\" \/>\n<meta property=\"og:url\" content=\"https:\/\/mairafournari.com\/el\/servicios\/cursos\/\" \/>\n<meta property=\"og:site_name\" content=\"Maira Fournari\" \/>\n<meta property=\"article:modified_time\" content=\"2026-03-05T18:47:06+00:00\" \/>\n<meta property=\"og:image\" content=\"https:\/\/mairafournari.com\/wp-content\/uploads\/2026\/02\/20230919_650968e5df1a5.jpeg\" \/>\n\t<meta property=\"og:image:width\" content=\"1200\" \/>\n\t<meta property=\"og:image:height\" content=\"792\" \/>\n\t<meta property=\"og:image:type\" content=\"image\/jpeg\" \/>\n<meta name=\"twitter:card\" content=\"summary_large_image\" \/>\n<!-- \/ Yoast SEO plugin. -->","yoast_head_json":{"title":"Aprende Griego Moderno con Maira Fournari","description":"Descubre clases divertidas de griego moderno. Sum\u00e9rgete en la cultura griega y lleva tu conocimiento al siguiente nivel.","robots":{"index":"index","follow":"follow","max-snippet":"max-snippet:-1","max-image-preview":"max-image-preview:large","max-video-preview":"max-video-preview:-1"},"canonical":"https:\/\/mairafournari.com\/el\/servicios\/cursos\/","og_locale":"el_GR","og_type":"article","og_title":"Aprende Griego Moderno con Maira Fournari","og_description":"Descubre clases divertidas de griego moderno. Sum\u00e9rgete en la cultura griega y lleva tu conocimiento al siguiente nivel.","og_url":"https:\/\/mairafournari.com\/el\/servicios\/cursos\/","og_site_name":"Maira Fournari","article_modified_time":"2026-03-05T18:47:06+00:00","og_image":[{"width":1200,"height":792,"url":"https:\/\/mairafournari.com\/wp-content\/uploads\/2026\/02\/20230919_650968e5df1a5.jpeg","type":"image\/jpeg"}],"twitter_card":"summary_large_image","schema":{"@context":"https:\/\/schema.org","@graph":[{"@type":"WebPage","@id":"https:\/\/mairafournari.com\/el\/servicios\/cursos\/","url":"https:\/\/mairafournari.com\/el\/servicios\/cursos\/","name":"Aprende Griego Moderno con Maira Fournari","isPartOf":{"@id":"https:\/\/mairafournari.com\/el\/#website"},"primaryImageOfPage":{"@id":"https:\/\/mairafournari.com\/el\/servicios\/cursos\/#primaryimage"},"image":{"@id":"https:\/\/mairafournari.com\/el\/servicios\/cursos\/#primaryimage"},"thumbnailUrl":"https:\/\/mairafournari.com\/wp-content\/uploads\/2026\/02\/20230919_650968e5df1a5.jpeg","datePublished":"2025-12-14T10:08:04+00:00","dateModified":"2026-03-05T18:47:06+00:00","description":"Descubre clases divertidas de griego moderno. Sum\u00e9rgete en la cultura griega y lleva tu conocimiento al siguiente nivel.","breadcrumb":{"@id":"https:\/\/mairafournari.com\/el\/servicios\/cursos\/#breadcrumb"},"inLanguage":"el","potentialAction":[{"@type":"ReadAction","target":["https:\/\/mairafournari.com\/el\/servicios\/cursos\/"]}]},{"@type":"ImageObject","inLanguage":"el","@id":"https:\/\/mairafournari.com\/el\/servicios\/cursos\/#primaryimage","url":"https:\/\/mairafournari.com\/wp-content\/uploads\/2026\/02\/20230919_650968e5df1a5.jpeg","contentUrl":"https:\/\/mairafournari.com\/wp-content\/uploads\/2026\/02\/20230919_650968e5df1a5.jpeg","width":1200,"height":792},{"@type":"BreadcrumbList","@id":"https:\/\/mairafournari.com\/el\/servicios\/cursos\/#breadcrumb","itemListElement":[{"@type":"ListItem","position":1,"name":"Portada","item":"https:\/\/mairafournari.com\/el\/"},{"@type":"ListItem","position":2,"name":"Servicios","item":"https:\/\/mairafournari.com\/el\/servicios\/"},{"@type":"ListItem","position":3,"name":"Preparaci\u00f3n de ex\u00e1menes"}]},{"@type":"WebSite","@id":"https:\/\/mairafournari.com\/el\/#website","url":"https:\/\/mairafournari.com\/el\/","name":"Maira Fournari","description":"","publisher":{"@id":"https:\/\/mairafournari.com\/el\/#organization"},"potentialAction":[{"@type":"SearchAction","target":{"@type":"EntryPoint","urlTemplate":"https:\/\/mairafournari.com\/el\/?s={search_term_string}"},"query-input":{"@type":"PropertyValueSpecification","valueRequired":true,"valueName":"search_term_string"}}],"inLanguage":"el"},{"@type":"Organization","@id":"https:\/\/mairafournari.com\/el\/#organization","name":"Maira Fournari","url":"https:\/\/mairafournari.com\/el\/","logo":{"@type":"ImageObject","inLanguage":"el","@id":"https:\/\/mairafournari.com\/el\/#\/schema\/logo\/image\/","url":"https:\/\/mairafournari.com\/wp-content\/uploads\/2025\/12\/62738_logo_generado.png","contentUrl":"https:\/\/mairafournari.com\/wp-content\/uploads\/2025\/12\/62738_logo_generado.png","width":771,"height":727,"caption":"Maira Fournari"},"image":{"@id":"https:\/\/mairafournari.com\/el\/#\/schema\/logo\/image\/"}}]}},"_links":{"self":[{"href":"https:\/\/mairafournari.com\/el\/wp-json\/wp\/v2\/pages\/374","targetHints":{"allow":["GET"]}}],"collection":[{"href":"https:\/\/mairafournari.com\/el\/wp-json\/wp\/v2\/pages"}],"about":[{"href":"https:\/\/mairafournari.com\/el\/wp-json\/wp\/v2\/types\/page"}],"author":[{"embeddable":true,"href":"https:\/\/mairafournari.com\/el\/wp-json\/wp\/v2\/users\/2"}],"replies":[{"embeddable":true,"href":"https:\/\/mairafournari.com\/el\/wp-json\/wp\/v2\/comments?post=374"}],"version-history":[{"count":7,"href":"https:\/\/mairafournari.com\/el\/wp-json\/wp\/v2\/pages\/374\/revisions"}],"predecessor-version":[{"id":1328,"href":"https:\/\/mairafournari.com\/el\/wp-json\/wp\/v2\/pages\/374\/revisions\/1328"}],"up":[{"embeddable":true,"href":"https:\/\/mairafournari.com\/el\/wp-json\/wp\/v2\/pages\/375"}],"wp:featuredmedia":[{"embeddable":true,"href":"https:\/\/mairafournari.com\/el\/wp-json\/wp\/v2\/media\/1082"}],"wp:attachment":[{"href":"https:\/\/mairafournari.com\/el\/wp-json\/wp\/v2\/media?parent=374"}],"curies":[{"name":"wp","href":"https:\/\/api.w.org\/{rel}","templated":true}]}}